{"id":69,"date":"2013-04-23T09:50:23","date_gmt":"2013-04-23T08:50:23","guid":{"rendered":"http:\/\/darko-keric.from.hr\/?page_id=69"},"modified":"2015-10-27T14:28:36","modified_gmt":"2015-10-27T13:28:36","slug":"home","status":"publish","type":"page","link":"http:\/\/darko-keric.from.hr\/","title":{"rendered":"Po\u010detna"},"content":{"rendered":"<p>Instalacija, konfiguracija i odr\u017eavanje ra\u010dunalnih sustava.<\/p>\n<p>&nbsp;<\/p>\n<p>Kako bi ra\u010dunalni sustav ispravno funkcionirao, potrebno ga je postaviti na optimalan na\u010din te redovito nadgledati i odr\u017eavati.<\/p>\n<p>Usluga odr\u017eavanja ra\u010dunalnih sustava bi trebala sadr\u017eavati:<\/p>\n<ul>\n<li>odr\u017eavanje 5 i vi\u0161e ra\u010dunala na windows ili linux operativnom sustavu<\/li>\n<li>odr\u017eavanje i konfiguracija servera za dijeljenja dokumenata, printera i ostalih resursa<\/li>\n<li>konfiguracija i odr\u017eavanje sigurnosne procedura i postavki<\/li>\n<li>izrada procedura za pohranu podataka<\/li>\n<li>pohrana sigurnosnih kopija (backup) i vra\u0107anja (restore) u slu\u010daju kvara<\/li>\n<li>antivirusna za\u0161tita<\/li>\n<li>definiranje i odr\u017eavanje ovlasti kori\u0161tenja sustava<\/li>\n<li>ostale aktivnosti bitne za kvalitetan rad ra\u010dunalnog sustava<\/li>\n<\/ul>\n<div><\/div>\n<p>Kod ugovaranja ovakve usluge, prvi korak je snimanje zate\u010denog stanja te definiranje i sprovo\u0111enja radnji kako bi se sustav stavio u optimalno stanje. Nakon toga, sva odr\u017eavanja i promjene vr\u0161imo putem udaljenog rada (remote administration).<\/p>\n<p><a href=\"http:\/\/darko-keric.from.hr\/files\/2015\/10\/5L-Vt-ZFJWqSW4V0XsJP42lPfVprdplJ.jpg\"><img loading=\"lazy\" class=\"aligncenter size-full wp-image-198\" alt=\"5L-Vt-ZFJWqSW4V0XsJP42lPfVprdplJ\" src=\"http:\/\/darko-keric.from.hr\/files\/2015\/10\/5L-Vt-ZFJWqSW4V0XsJP42lPfVprdplJ.jpg\" width=\"500\" height=\"514\" srcset=\"http:\/\/darko-keric.from.hr\/files\/2015\/10\/5L-Vt-ZFJWqSW4V0XsJP42lPfVprdplJ.jpg 500w, http:\/\/darko-keric.from.hr\/files\/2015\/10\/5L-Vt-ZFJWqSW4V0XsJP42lPfVprdplJ-291x300.jpg 291w\" sizes=\"(max-width: 500px) 100vw, 500px\" \/><\/a><\/p>\n","protected":false},"excerpt":{"rendered":"<p>Instalacija, konfiguracija i odr\u017eavanje ra\u010dunalnih sustava. &nbsp; Kako bi ra\u010dunalni sustav ispravno funkcionirao, potrebno ga je postaviti na optimalan na\u010din te redovito nadgledati i odr\u017eavati. Usluga odr\u017eavanja ra\u010dunalnih sustava bi trebala sadr\u017eavati: odr\u017eavanje 5 i vi\u0161e ra\u010dunala na windows ili &hellip; <a href=\"http:\/\/darko-keric.from.hr\/\">Continue reading <span class=\"meta-nav\">&rarr;<\/span><\/a><\/p>\n","protected":false},"author":348,"featured_media":0,"parent":0,"menu_order":0,"comment_status":"open","ping_status":"open","template":"","meta":{"ngg_post_thumbnail":0},"yoast_head":"<!-- This site is optimized with the Yoast SEO plugin v17.5 - https:\/\/yoast.com\/wordpress\/plugins\/seo\/ -->\n<meta name=\"robots\" content=\"index, follow, max-snippet:-1, max-image-preview:large, max-video-preview:-1\" \/>\n<link rel=\"canonical\" href=\"https:\/\/darko-keric.from.hr\/\" \/>\n<meta property=\"og:locale\" content=\"en_US\" \/>\n<meta property=\"og:type\" content=\"article\" \/>\n<meta property=\"og:title\" content=\"Po\u010detna - Sistemski in\u017eenjer\" \/>\n<meta property=\"og:description\" content=\"Instalacija, konfiguracija i odr\u017eavanje ra\u010dunalnih sustava. &nbsp; Kako bi ra\u010dunalni sustav ispravno funkcionirao, potrebno ga je postaviti na optimalan na\u010din te redovito nadgledati i odr\u017eavati. Usluga odr\u017eavanja ra\u010dunalnih sustava bi trebala sadr\u017eavati: odr\u017eavanje 5 i vi\u0161e ra\u010dunala na windows ili &hellip; Continue reading &rarr;\" \/>\n<meta property=\"og:url\" content=\"https:\/\/darko-keric.from.hr\/\" \/>\n<meta property=\"og:site_name\" content=\"Sistemski in\u017eenjer\" \/>\n<meta property=\"article:modified_time\" content=\"2015-10-27T13:28:36+00:00\" \/>\n<meta property=\"og:image\" content=\"http:\/\/darko-keric.from.hr\/files\/2015\/10\/5L-Vt-ZFJWqSW4V0XsJP42lPfVprdplJ.jpg\" \/>\n<meta name=\"twitter:card\" content=\"summary\" \/>\n<meta name=\"twitter:label1\" content=\"Est. reading time\" \/>\n\t<meta name=\"twitter:data1\" content=\"1 minute\" \/>\n<script type=\"application\/ld+json\" class=\"yoast-schema-graph\">{\"@context\":\"https:\/\/schema.org\",\"@graph\":[{\"@type\":\"WebSite\",\"@id\":\"https:\/\/darko-keric.from.hr\/#website\",\"url\":\"https:\/\/darko-keric.from.hr\/\",\"name\":\"Sistemski in\\u017eenjer\",\"description\":\"System administrator\",\"potentialAction\":[{\"@type\":\"SearchAction\",\"target\":{\"@type\":\"EntryPoint\",\"urlTemplate\":\"https:\/\/darko-keric.from.hr\/?s={search_term_string}\"},\"query-input\":\"required name=search_term_string\"}],\"inLanguage\":\"en-US\"},{\"@type\":\"ImageObject\",\"@id\":\"https:\/\/darko-keric.from.hr\/#primaryimage\",\"inLanguage\":\"en-US\",\"url\":\"http:\/\/darko-keric.from.hr\/files\/2015\/10\/5L-Vt-ZFJWqSW4V0XsJP42lPfVprdplJ.jpg\",\"contentUrl\":\"http:\/\/darko-keric.from.hr\/files\/2015\/10\/5L-Vt-ZFJWqSW4V0XsJP42lPfVprdplJ.jpg\"},{\"@type\":\"WebPage\",\"@id\":\"https:\/\/darko-keric.from.hr\/#webpage\",\"url\":\"https:\/\/darko-keric.from.hr\/\",\"name\":\"Po\\u010detna - Sistemski in\\u017eenjer\",\"isPartOf\":{\"@id\":\"https:\/\/darko-keric.from.hr\/#website\"},\"primaryImageOfPage\":{\"@id\":\"https:\/\/darko-keric.from.hr\/#primaryimage\"},\"datePublished\":\"2013-04-23T08:50:23+00:00\",\"dateModified\":\"2015-10-27T13:28:36+00:00\",\"breadcrumb\":{\"@id\":\"https:\/\/darko-keric.from.hr\/#breadcrumb\"},\"inLanguage\":\"en-US\",\"potentialAction\":[{\"@type\":\"ReadAction\",\"target\":[\"https:\/\/darko-keric.from.hr\/\"]}]},{\"@type\":\"BreadcrumbList\",\"@id\":\"https:\/\/darko-keric.from.hr\/#breadcrumb\",\"itemListElement\":[{\"@type\":\"ListItem\",\"position\":1,\"name\":\"Home\",\"item\":\"https:\/\/darko-keric.from.hr\/\"},{\"@type\":\"ListItem\",\"position\":2,\"name\":\"Po\\u010detna\"}]}]}<\/script>\n<!-- \/ Yoast SEO plugin. -->","yoast_head_json":{"robots":{"index":"index","follow":"follow","max-snippet":"max-snippet:-1","max-image-preview":"max-image-preview:large","max-video-preview":"max-video-preview:-1"},"canonical":"https:\/\/darko-keric.from.hr\/","og_locale":"en_US","og_type":"article","og_title":"Po\u010detna - Sistemski in\u017eenjer","og_description":"Instalacija, konfiguracija i odr\u017eavanje ra\u010dunalnih sustava. &nbsp; Kako bi ra\u010dunalni sustav ispravno funkcionirao, potrebno ga je postaviti na optimalan na\u010din te redovito nadgledati i odr\u017eavati. Usluga odr\u017eavanja ra\u010dunalnih sustava bi trebala sadr\u017eavati: odr\u017eavanje 5 i vi\u0161e ra\u010dunala na windows ili &hellip; Continue reading &rarr;","og_url":"https:\/\/darko-keric.from.hr\/","og_site_name":"Sistemski in\u017eenjer","article_modified_time":"2015-10-27T13:28:36+00:00","og_image":[{"url":"http:\/\/darko-keric.from.hr\/files\/2015\/10\/5L-Vt-ZFJWqSW4V0XsJP42lPfVprdplJ.jpg"}],"twitter_card":"summary","twitter_misc":{"Est. reading time":"1 minute"},"schema":{"@context":"https:\/\/schema.org","@graph":[{"@type":"WebSite","@id":"https:\/\/darko-keric.from.hr\/#website","url":"https:\/\/darko-keric.from.hr\/","name":"Sistemski in\u017eenjer","description":"System administrator","potentialAction":[{"@type":"SearchAction","target":{"@type":"EntryPoint","urlTemplate":"https:\/\/darko-keric.from.hr\/?s={search_term_string}"},"query-input":"required name=search_term_string"}],"inLanguage":"en-US"},{"@type":"ImageObject","@id":"https:\/\/darko-keric.from.hr\/#primaryimage","inLanguage":"en-US","url":"http:\/\/darko-keric.from.hr\/files\/2015\/10\/5L-Vt-ZFJWqSW4V0XsJP42lPfVprdplJ.jpg","contentUrl":"http:\/\/darko-keric.from.hr\/files\/2015\/10\/5L-Vt-ZFJWqSW4V0XsJP42lPfVprdplJ.jpg"},{"@type":"WebPage","@id":"https:\/\/darko-keric.from.hr\/#webpage","url":"https:\/\/darko-keric.from.hr\/","name":"Po\u010detna - Sistemski in\u017eenjer","isPartOf":{"@id":"https:\/\/darko-keric.from.hr\/#website"},"primaryImageOfPage":{"@id":"https:\/\/darko-keric.from.hr\/#primaryimage"},"datePublished":"2013-04-23T08:50:23+00:00","dateModified":"2015-10-27T13:28:36+00:00","breadcrumb":{"@id":"https:\/\/darko-keric.from.hr\/#breadcrumb"},"inLanguage":"en-US","potentialAction":[{"@type":"ReadAction","target":["https:\/\/darko-keric.from.hr\/"]}]},{"@type":"BreadcrumbList","@id":"https:\/\/darko-keric.from.hr\/#breadcrumb","itemListElement":[{"@type":"ListItem","position":1,"name":"Home","item":"https:\/\/darko-keric.from.hr\/"},{"@type":"ListItem","position":2,"name":"Po\u010detna"}]}]}},"_links":{"self":[{"href":"http:\/\/darko-keric.from.hr\/index.php?rest_route=\/wp\/v2\/pages\/69"}],"collection":[{"href":"http:\/\/darko-keric.from.hr\/index.php?rest_route=\/wp\/v2\/pages"}],"about":[{"href":"http:\/\/darko-keric.from.hr\/index.php?rest_route=\/wp\/v2\/types\/page"}],"author":[{"embeddable":true,"href":"http:\/\/darko-keric.from.hr\/index.php?rest_route=\/wp\/v2\/users\/348"}],"replies":[{"embeddable":true,"href":"http:\/\/darko-keric.from.hr\/index.php?rest_route=%2Fwp%2Fv2%2Fcomments&post=69"}],"version-history":[{"count":10,"href":"http:\/\/darko-keric.from.hr\/index.php?rest_route=\/wp\/v2\/pages\/69\/revisions"}],"predecessor-version":[{"id":200,"href":"http:\/\/darko-keric.from.hr\/index.php?rest_route=\/wp\/v2\/pages\/69\/revisions\/200"}],"wp:attachment":[{"href":"http:\/\/darko-keric.from.hr\/index.php?rest_route=%2Fwp%2Fv2%2Fmedia&parent=69"}],"curies":[{"name":"wp","href":"https:\/\/api.w.org\/{rel}","templated":true}]}}